{"id":12,"date":"2024-11-10T10:20:11","date_gmt":"2024-11-10T10:20:11","guid":{"rendered":"https:\/\/gradwear.de\/shop\/home\/"},"modified":"2025-10-16T10:51:12","modified_gmt":"2025-10-16T08:51:12","slug":"home","status":"publish","type":"page","link":"https:\/\/gradwear.de\/shop\/","title":{"rendered":"\ud83c\udfe0"},"content":{"rendered":"\n<div class=\"wp-block-group alignfull has-global-padding is-layout-constrained wp-container-core-group-is-layout-0c9c989a wp-block-group-is-layout-constrained\" style=\"min-height:0vh;margin-top:0;margin-bottom:0;padding-top:var(--wp--preset--spacing--70);padding-right:var(--wp--preset--spacing--40);padding-bottom:var(--wp--preset--spacing--70);padding-left:var(--wp--preset--spacing--40)\">\n<div class=\"wp-block-group has-global-padding is-layout-constrained wp-container-core-group-is-layout-346627ba wp-block-group-is-layout-constrained\">\n<h1 class=\"wp-block-heading has-text-align-center\">Wear what you want.<\/h1>\n\n\n\n<p class=\"has-text-align-center has-large-font-size\">Wir wissen, wie schwer es ist, den richtigen Abschluss-Merch zu finden, der gleichzeitig gro\u00dfartig wie g\u00fcnstig ist.<\/p>\n\n\n\n<div class=\"wp-block-buttons is-content-justification-center is-layout-flex wp-container-core-buttons-is-layout-a89b3969 wp-block-buttons-is-layout-flex\">\n<div class=\"wp-block-button\"><a class=\"wp-block-button__link wp-element-button\">Daf\u00fcr sind wir da!<\/a><\/div>\n<\/div>\n<\/div>\n<\/div>\n\n\n\n<div class=\"wp-block-group alignfull is-style-section-1 has-global-padding is-layout-constrained wp-block-group-is-layout-constrained is-style-section-1--1\" style=\"margin-top:0;margin-bottom:0;padding-top:var(--wp--preset--spacing--80);padding-bottom:var(--wp--preset--spacing--80)\">\n<div class=\"wp-block-columns alignwide is-layout-flex wp-container-core-columns-is-layout-2642e945 wp-block-columns-is-layout-flex\">\n<div class=\"wp-block-column is-layout-flow wp-block-column-is-layout-flow\" style=\"padding-right:var(--wp--preset--spacing--50);flex-basis:45%\">\n<figure class=\"wp-block-image size-full\"><img loading=\"lazy\" decoding=\"async\" width=\"1290\" height=\"800\" src=\"https:\/\/gradwear.de\/shop\/wp-content\/uploads\/2024\/11\/sunflower.webp\" alt=\"\" class=\"wp-image-148\" srcset=\"https:\/\/gradwear.de\/shop\/wp-content\/uploads\/2024\/11\/sunflower.webp 1290w, https:\/\/gradwear.de\/shop\/wp-content\/uploads\/2024\/11\/sunflower-300x186.webp 300w, https:\/\/gradwear.de\/shop\/wp-content\/uploads\/2024\/11\/sunflower-1024x635.webp 1024w, https:\/\/gradwear.de\/shop\/wp-content\/uploads\/2024\/11\/sunflower-768x476.webp 768w, https:\/\/gradwear.de\/shop\/wp-content\/uploads\/2024\/11\/sunflower-600x372.webp 600w\" sizes=\"auto, (max-width: 1290px) 100vw, 1290px\" \/><\/figure>\n\n\n\n<div class=\"wp-block-group has-global-padding is-layout-constrained wp-block-group-is-layout-constrained\" style=\"margin-top:-12vw\">\n<figure class=\"wp-block-image alignright size-full is-resized\" style=\"margin-right:-5vw;margin-left:-5vw\"><img loading=\"lazy\" decoding=\"async\" width=\"1290\" height=\"800\" src=\"https:\/\/gradwear.de\/shop\/wp-content\/uploads\/2024\/11\/bloodwort.webp\" alt=\"\" class=\"wp-image-146\" style=\"width:202px\" srcset=\"https:\/\/gradwear.de\/shop\/wp-content\/uploads\/2024\/11\/bloodwort.webp 1290w, https:\/\/gradwear.de\/shop\/wp-content\/uploads\/2024\/11\/bloodwort-300x186.webp 300w, https:\/\/gradwear.de\/shop\/wp-content\/uploads\/2024\/11\/bloodwort-1024x635.webp 1024w, https:\/\/gradwear.de\/shop\/wp-content\/uploads\/2024\/11\/bloodwort-768x476.webp 768w, https:\/\/gradwear.de\/shop\/wp-content\/uploads\/2024\/11\/bloodwort-600x372.webp 600w\" sizes=\"auto, (max-width: 1290px) 100vw, 1290px\" \/><\/figure>\n<\/div>\n<\/div>\n\n\n\n<div class=\"wp-block-column is-vertically-aligned-center is-layout-flow wp-block-column-is-layout-flow\" style=\"padding-right:0;padding-left:0;flex-basis:50%\">\n<div class=\"wp-block-group is-vertical is-layout-flex wp-container-core-group-is-layout-fe9cc265 wp-block-group-is-layout-flex\">\n<h2 class=\"wp-block-heading is-style-text-annotation is-style-text-annotation--2\">\u00dcber uns<\/h2>\n<\/div>\n\n\n\n<p class=\"is-style-text-subtitle is-style-text-subtitle--3\"><strong>Gradwear<\/strong> ist das Abschlussklamotten-Unternehmen. Gegr\u00fcndet aus Verzweiflung an der W\u00fcste der Anbieter, nun f\u00fcr euch da, euren Abschluss so perfekt wie m\u00f6glich zu machen!<\/p>\n<\/div>\n<\/div>\n<\/div>\n\n\n\n<div class=\"wp-block-group alignfull has-global-padding is-layout-constrained wp-container-core-group-is-layout-ebee8dc1 wp-block-group-is-layout-constrained\" style=\"margin-top:0;margin-bottom:0;padding-top:var(--wp--preset--spacing--50);padding-bottom:var(--wp--preset--spacing--50)\">\n<h2 class=\"wp-block-heading alignwide\">Unsere Produkte<\/h2>\n\n\n\n<div class=\"wp-block-columns alignwide is-layout-flex wp-container-core-columns-is-layout-d0b3c9c8 wp-block-columns-is-layout-flex\">\n<div class=\"wp-block-column is-layout-flow wp-block-column-is-layout-flow\">\n<figure class=\"wp-block-image size-full\" style=\"margin-bottom:24px\"><img loading=\"lazy\" decoding=\"async\" width=\"1024\" height=\"1024\" src=\"https:\/\/gradwear.de\/shop\/wp-content\/uploads\/2025\/10\/wmremove-transformed-1.png\" alt=\"\" class=\"wp-image-160\" style=\"aspect-ratio:1;object-fit:cover\" srcset=\"https:\/\/gradwear.de\/shop\/wp-content\/uploads\/2025\/10\/wmremove-transformed-1.png 1024w, https:\/\/gradwear.de\/shop\/wp-content\/uploads\/2025\/10\/wmremove-transformed-1-300x300.png 300w, https:\/\/gradwear.de\/shop\/wp-content\/uploads\/2025\/10\/wmremove-transformed-1-150x150.png 150w, https:\/\/gradwear.de\/shop\/wp-content\/uploads\/2025\/10\/wmremove-transformed-1-768x768.png 768w, https:\/\/gradwear.de\/shop\/wp-content\/uploads\/2025\/10\/wmremove-transformed-1-600x600.png 600w, https:\/\/gradwear.de\/shop\/wp-content\/uploads\/2025\/10\/wmremove-transformed-1-100x100.png 100w\" sizes=\"auto, (max-width: 1024px) 100vw, 1024px\" \/><\/figure>\n\n\n\n<h3 class=\"wp-block-heading\">Boxy Tee<\/h3>\n\n\n\n<p class=\"has-medium-font-size\">Mit unserem Boxy-Tee macht man absolut nichts falsch. Stoffquali wie bei der Streetwear-Marke von Gegen\u00fcber f\u00fcr einen unschlagbaren Preis!<\/p>\n\n\n\n<div class=\"wp-block-buttons is-content-justification-center is-layout-flex wp-container-core-buttons-is-layout-a89b3969 wp-block-buttons-is-layout-flex\">\n<div class=\"wp-block-button\"><a class=\"wp-block-button__link wp-element-button\" href=\"https:\/\/gradwear.de\/shop\/produkt\/gradwear-t-shirt\/\">Boxy Tee &#8211; all inc. 23,99\u20ac<\/a><\/div>\n<\/div>\n<\/div>\n\n\n\n<div class=\"wp-block-column is-layout-flow wp-block-column-is-layout-flow\">\n<figure class=\"wp-block-image size-full is-style-default\" style=\"margin-bottom:24px\"><img loading=\"lazy\" decoding=\"async\" width=\"1024\" height=\"1024\" src=\"https:\/\/gradwear.de\/shop\/wp-content\/uploads\/2025\/10\/Gemini_Generated_Image_m9x14jm9x14jm9x1_cleanup.png\" alt=\"\" class=\"wp-image-161\" style=\"aspect-ratio:1;object-fit:cover\" srcset=\"https:\/\/gradwear.de\/shop\/wp-content\/uploads\/2025\/10\/Gemini_Generated_Image_m9x14jm9x14jm9x1_cleanup.png 1024w, https:\/\/gradwear.de\/shop\/wp-content\/uploads\/2025\/10\/Gemini_Generated_Image_m9x14jm9x14jm9x1_cleanup-300x300.png 300w, https:\/\/gradwear.de\/shop\/wp-content\/uploads\/2025\/10\/Gemini_Generated_Image_m9x14jm9x14jm9x1_cleanup-150x150.png 150w, https:\/\/gradwear.de\/shop\/wp-content\/uploads\/2025\/10\/Gemini_Generated_Image_m9x14jm9x14jm9x1_cleanup-768x768.png 768w, https:\/\/gradwear.de\/shop\/wp-content\/uploads\/2025\/10\/Gemini_Generated_Image_m9x14jm9x14jm9x1_cleanup-600x600.png 600w, https:\/\/gradwear.de\/shop\/wp-content\/uploads\/2025\/10\/Gemini_Generated_Image_m9x14jm9x14jm9x1_cleanup-100x100.png 100w\" sizes=\"auto, (max-width: 1024px) 100vw, 1024px\" \/><\/figure>\n\n\n\n<h3 class=\"wp-block-heading\">Boxy Hoodie<\/h3>\n\n\n\n<p class=\"has-medium-font-size\">Wenn&#8217;s das T-Shirt nicht rausrei\u00dft, dann unser Heavyweight Boxy-Hoodie. Kann man dann auch nach dem Abschluss anziehen, ohne sich zu sch\u00e4men ;).<\/p>\n\n\n\n<div class=\"wp-block-buttons is-content-justification-center is-layout-flex wp-container-core-buttons-is-layout-a89b3969 wp-block-buttons-is-layout-flex\">\n<div class=\"wp-block-button\"><a class=\"wp-block-button__link wp-element-button\" href=\"https:\/\/gradwear.de\/shop\/produkt\/gradwear-hoodie\/\">Boxy Hoodie &#8211; all inc. 35,99\u20ac<\/a><\/div>\n<\/div>\n<\/div>\n\n\n\n<div class=\"wp-block-column is-layout-flow wp-block-column-is-layout-flow\">\n<figure class=\"wp-block-image size-full\" style=\"margin-bottom:24px\"><img loading=\"lazy\" decoding=\"async\" width=\"832\" height=\"1248\" src=\"https:\/\/gradwear.de\/shop\/wp-content\/uploads\/2025\/10\/Gemini_Generated_Image_rcybpzrcybpzrcyb_cleanup.png\" alt=\"\" class=\"wp-image-162\" style=\"aspect-ratio:1;object-fit:cover\" srcset=\"https:\/\/gradwear.de\/shop\/wp-content\/uploads\/2025\/10\/Gemini_Generated_Image_rcybpzrcybpzrcyb_cleanup.png 832w, https:\/\/gradwear.de\/shop\/wp-content\/uploads\/2025\/10\/Gemini_Generated_Image_rcybpzrcybpzrcyb_cleanup-200x300.png 200w, https:\/\/gradwear.de\/shop\/wp-content\/uploads\/2025\/10\/Gemini_Generated_Image_rcybpzrcybpzrcyb_cleanup-683x1024.png 683w, https:\/\/gradwear.de\/shop\/wp-content\/uploads\/2025\/10\/Gemini_Generated_Image_rcybpzrcybpzrcyb_cleanup-768x1152.png 768w\" sizes=\"auto, (max-width: 832px) 100vw, 832px\" \/><\/figure>\n\n\n\n<h3 class=\"wp-block-heading\">Sweater?<\/h3>\n\n\n\n<p class=\"has-medium-font-size\">F\u00fcr jeden der es extravagant braucht, haben wir auch eine Alternative. Kommt gut zu Polo Ralph Lauren, Zigarre und Porsche 911.<\/p>\n\n\n\n<div class=\"wp-block-buttons is-content-justification-center is-layout-flex wp-container-core-buttons-is-layout-a89b3969 wp-block-buttons-is-layout-flex\">\n<div class=\"wp-block-button\"><a class=\"wp-block-button__link wp-element-button\" href=\"https:\/\/gradwear.de\/shop\/produkt\/gradwear-sweater\/\">Alfred, fahr vor! &#8211; 50,99\u20ac<\/a><\/div>\n<\/div>\n<\/div>\n<\/div>\n<\/div>\n\n\n\n<div class=\"wp-block-group alignfull is-style-section-1 has-global-padding is-layout-constrained wp-block-group-is-layout-constrained is-style-section-1--4\" style=\"margin-top:0;margin-bottom:0;padding-top:var(--wp--preset--spacing--70);padding-bottom:var(--wp--preset--spacing--70)\">\n<div class=\"wp-block-columns alignwide is-layout-flex wp-container-core-columns-is-layout-5dc1a027 wp-block-columns-is-layout-flex\">\n<div class=\"wp-block-column is-layout-flow wp-block-column-is-layout-flow\">\n<div class=\"wp-block-group is-vertical is-content-justification-left is-layout-flex wp-container-core-group-is-layout-7ce391b6 wp-block-group-is-layout-flex\" style=\"min-height:100%\">\n<h2 class=\"wp-block-heading is-style-text-annotation has-x-small-font-size is-style-text-annotation--5\">Was unsere Kunden sagen<\/h2>\n\n\n\n<blockquote class=\"wp-block-quote is-style-plain has-x-large-font-size is-layout-flow wp-container-core-quote-is-layout-5dafc681 wp-block-quote-is-layout-flow is-style-plain--6\" style=\"font-style:normal;font-weight:400\">\n<div class=\"wp-block-group has-global-padding is-content-justification-left is-layout-constrained wp-container-core-group-is-layout-085bd3d9 wp-block-group-is-layout-constrained\" style=\"margin-top:0;margin-bottom:0;padding-top:0;padding-right:0;padding-bottom:0;padding-left:0\">\n<p class=\"has-xx-large-font-size\" style=\"line-height:1.2\">\u201cProdukte haben Erwartungen \u00fcbertroffen!\u201d<\/p>\n<\/div>\n<cite>Sebastian T.<br><sub>Leipzig DE<\/sub><\/cite><\/blockquote>\n<\/div>\n<\/div>\n\n\n\n<div class=\"wp-block-column is-layout-flow wp-block-column-is-layout-flow\" style=\"padding-top:0;padding-right:0;padding-bottom:0;padding-left:0\">\n<figure class=\"wp-block-image size-large\"><img decoding=\"async\" src=\"https:\/\/gradwear.de\/shop\/wp-content\/themes\/twentytwentyfive\/assets\/images\/typewriter.webp\" alt=\"Picture of a person typing on a typewriter.\" style=\"aspect-ratio:1;object-fit:cover\"\/><\/figure>\n<\/div>\n<\/div>\n<\/div>\n\n\n\n<aside class=\"wp-block-group alignfull is-style-section-3 has-global-padding is-layout-constrained wp-container-core-group-is-layout-f0f2a97b wp-block-group-is-layout-constrained is-style-section-3--7\" style=\"margin-top:0;margin-bottom:0;padding-top:var(--wp--preset--spacing--50);padding-right:var(--wp--preset--spacing--50);padding-bottom:var(--wp--preset--spacing--50);padding-left:var(--wp--preset--spacing--50)\">\n<div class=\"wp-block-group is-vertical is-content-justification-center is-layout-flex wp-container-core-group-is-layout-8778ca4a wp-block-group-is-layout-flex\" style=\"min-height:360px;margin-top:0;margin-bottom:0\">\n<h2 class=\"wp-block-heading has-text-align-center has-xx-large-font-size\">Du brauchst das + bei deinem Abschluss?<\/h2>\n\n\n\n<p class=\"has-text-align-center is-style-text-subtitle is-style-text-subtitle--8\">Mit dem Code &#8222;<strong>GRADWEAR<\/strong>&#8220; erh\u00e4lst du ab einer Bestellmenge von 30 St\u00fcck einen Rabatt von 7%!<\/p>\n\n\n\n<div style=\"height:0px\" aria-hidden=\"true\" class=\"wp-block-spacer wp-container-content-62aae154\"><\/div>\n\n\n\n<div class=\"wp-block-buttons is-content-justification-center is-layout-flex wp-container-core-buttons-is-layout-a89b3969 wp-block-buttons-is-layout-flex\">\n<div class=\"wp-block-button\"><a class=\"wp-block-button__link has-text-align-center wp-element-button\" href=\"https:\/\/gradwear.de\/shop\/produkte\/\">Shoppen!<\/a><\/div>\n<\/div>\n<\/div>\n<\/aside>\n\n\n\n<p><\/p>\n","protected":false},"excerpt":{"rendered":"<p>Wear what you want. Wir wissen, wie schwer es ist, den richtigen Abschluss-Merch zu finden, der gleichzeitig gro\u00dfartig wie g\u00fcnstig ist. \u00dcber uns Gradwear ist das Abschlussklamotten-Unternehmen. Gegr\u00fcndet aus Verzweiflung an der W\u00fcste der Anbieter, nun f\u00fcr euch da, euren Abschluss so perfekt wie m\u00f6glich zu machen! Unsere Produkte Boxy Tee Mit unserem Boxy-Tee macht [&hellip;]<\/p>\n","protected":false},"author":1,"featured_media":0,"parent":0,"menu_order":0,"comment_status":"closed","ping_status":"closed","template":"page-no-title","meta":{"footnotes":""},"class_list":["post-12","page","type-page","status-publish","hentry"],"_links":{"self":[{"href":"https:\/\/gradwear.de\/shop\/wp-json\/wp\/v2\/pages\/12","targetHints":{"allow":["GET"]}}],"collection":[{"href":"https:\/\/gradwear.de\/shop\/wp-json\/wp\/v2\/pages"}],"about":[{"href":"https:\/\/gradwear.de\/shop\/wp-json\/wp\/v2\/types\/page"}],"author":[{"embeddable":true,"href":"https:\/\/gradwear.de\/shop\/wp-json\/wp\/v2\/users\/1"}],"replies":[{"embeddable":true,"href":"https:\/\/gradwear.de\/shop\/wp-json\/wp\/v2\/comments?post=12"}],"version-history":[{"count":5,"href":"https:\/\/gradwear.de\/shop\/wp-json\/wp\/v2\/pages\/12\/revisions"}],"predecessor-version":[{"id":211,"href":"https:\/\/gradwear.de\/shop\/wp-json\/wp\/v2\/pages\/12\/revisions\/211"}],"wp:attachment":[{"href":"https:\/\/gradwear.de\/shop\/wp-json\/wp\/v2\/media?parent=12"}],"curies":[{"name":"wp","href":"https:\/\/api.w.org\/{rel}","templated":true}]}}