{"id":103,"date":"2025-10-01T22:22:24","date_gmt":"2025-10-01T20:22:24","guid":{"rendered":"https:\/\/gradwear.de\/shop\/?post_type=product&#038;p=103"},"modified":"2025-10-01T22:47:39","modified_gmt":"2025-10-01T20:47:39","slug":"gradwear-sweater","status":"publish","type":"product","link":"https:\/\/gradwear.de\/shop\/produkt\/gradwear-sweater\/","title":{"rendered":"Gradwear Sweater"},"content":{"rendered":"<div id=\"model-response-message-contentr_e766177d63236304\" class=\"markdown markdown-main-panel stronger enable-updated-hr-color\" dir=\"ltr\">\n<p>Ein stilvoller Half-Zip Sweater mit Stehkragen und Raglan\u00e4rmeln, gefertigt aus einer komfortablen Baumwoll-Polyester-Mischung.<\/p>\n<p><b>Verf\u00fcgbare Gr\u00f6\u00dfen:<\/b><\/p>\n<ul>\n<li>S<\/li>\n<li>M<\/li>\n<li>L<\/li>\n<li>XL<\/li>\n<li>2XL<\/li>\n<\/ul>\n<p><b>Eigenschaften:<\/b><\/p>\n<ul>\n<li>70% Baumwolle<\/li>\n<li>30% Polyester<\/li>\n<li>290 g\/m\u00b2<\/li>\n<li>Gr\u00f6\u00dfen: S-2XL<\/li>\n<\/ul>\n<p><b>Material &amp; Pflege:<\/b><\/p>\n<ul>\n<li><b>Material:<\/b> 70% Baumwolle, 30% Polyester<\/li>\n<li><b>Maschinenw\u00e4sche:<\/b> Bei 30\u00b0C<\/li>\n<li><b>Nicht bleichen<\/b><\/li>\n<li><b>Nicht chemisch reinigen<\/b><\/li>\n<li><b>B\u00fcgeln:<\/b> Bei niedriger Temperatur<\/li>\n<\/ul>\n<hr \/>\n<\/div>\n","protected":false},"excerpt":{"rendered":"<p>Ein stilvoller Half-Zip Sweater mit Stehkragen und Raglan\u00e4rmeln, gefertigt aus einer komfortablen Baumwoll-Polyester-Mischung.<\/p>\n","protected":false},"featured_media":104,"template":"","meta":[],"product_brand":[],"product_cat":[23],"product_tag":[],"class_list":{"0":"post-103","1":"product","2":"type-product","3":"status-publish","4":"has-post-thumbnail","6":"product_cat-gradwear-sweater","8":"first","9":"instock","10":"taxable","11":"shipping-taxable","12":"purchasable","13":"product-type-simple"},"_links":{"self":[{"href":"https:\/\/gradwear.de\/shop\/wp-json\/wp\/v2\/product\/103","targetHints":{"allow":["GET"]}}],"collection":[{"href":"https:\/\/gradwear.de\/shop\/wp-json\/wp\/v2\/product"}],"about":[{"href":"https:\/\/gradwear.de\/shop\/wp-json\/wp\/v2\/types\/product"}],"wp:featuredmedia":[{"embeddable":true,"href":"https:\/\/gradwear.de\/shop\/wp-json\/wp\/v2\/media\/104"}],"wp:attachment":[{"href":"https:\/\/gradwear.de\/shop\/wp-json\/wp\/v2\/media?parent=103"}],"wp:term":[{"taxonomy":"product_brand","embeddable":true,"href":"https:\/\/gradwear.de\/shop\/wp-json\/wp\/v2\/product_brand?post=103"},{"taxonomy":"product_cat","embeddable":true,"href":"https:\/\/gradwear.de\/shop\/wp-json\/wp\/v2\/product_cat?post=103"},{"taxonomy":"product_tag","embeddable":true,"href":"https:\/\/gradwear.de\/shop\/wp-json\/wp\/v2\/product_tag?post=103"}],"curies":[{"name":"wp","href":"https:\/\/api.w.org\/{rel}","templated":true}]}}