{"id":94,"date":"2025-10-01T22:06:02","date_gmt":"2025-10-01T20:06:02","guid":{"rendered":"https:\/\/gradwear.de\/shop\/?post_type=product&#038;p=94"},"modified":"2025-10-01T22:48:06","modified_gmt":"2025-10-01T20:48:06","slug":"gradwear-hoodie","status":"publish","type":"product","link":"https:\/\/gradwear.de\/shop\/produkt\/gradwear-hoodie\/","title":{"rendered":"Gradwear Hoodie"},"content":{"rendered":"<div id=\"model-response-message-contentr_ec3d8b72a0d0ef7f\" class=\"markdown markdown-main-panel stronger enable-updated-hr-color\" dir=\"ltr\">\n<p>Ein komfortabler und nachhaltiger Kapuzenpullover aus 80% Bio-Baumwolle und 20% recyceltem Polyester, veredelt mit individuellem Druck.<\/p>\n<p><b>Verf\u00fcgbare Gr\u00f6\u00dfen:<\/b><\/p>\n<ul>\n<li>XS<\/li>\n<li>S<\/li>\n<li>M<\/li>\n<li>L<\/li>\n<li>XL<\/li>\n<li>XXL<\/li>\n<li>3XL<\/li>\n<\/ul>\n<p><b>Eigenschaften:<\/b><\/p>\n<ul>\n<li>80% Bio-Baumwolle<\/li>\n<li>20% recyceltes Polyester<\/li>\n<li>280-320 g\/m\u00b2<\/li>\n<li>Gr\u00f6\u00dfen: XS-3XL<\/li>\n<\/ul>\n<p><b>Material &amp; Pflege:<\/b><\/p>\n<ul>\n<li><b>Material:<\/b> 80% Bio-Baumwolle, 20% recyceltes Polyester<\/li>\n<li><b>Maschinenw\u00e4sche:<\/b> Bei 30\u00b0C<\/li>\n<li><b>Nicht bleichen<\/b><\/li>\n<li><b>Nicht chemisch reinigen<\/b><\/li>\n<li><b>B\u00fcgeln:<\/b> Bei niedriger Temperatur<\/li>\n<\/ul>\n<hr \/>\n<\/div>\n","protected":false},"excerpt":{"rendered":"<p>Ein komfortabler und nachhaltiger Kapuzenpullover aus 80% Bio-Baumwolle und 20% recyceltem Polyester, veredelt mit individuellem Druck.<\/p>\n<p>&nbsp;<\/p>\n","protected":false},"featured_media":105,"template":"","meta":[],"product_brand":[],"product_cat":[20],"product_tag":[],"class_list":{"0":"post-94","1":"product","2":"type-product","3":"status-publish","4":"has-post-thumbnail","6":"product_cat-gradwear-hoodie","8":"first","9":"instock","10":"taxable","11":"shipping-taxable","12":"purchasable","13":"product-type-simple"},"_links":{"self":[{"href":"https:\/\/gradwear.de\/shop\/wp-json\/wp\/v2\/product\/94","targetHints":{"allow":["GET"]}}],"collection":[{"href":"https:\/\/gradwear.de\/shop\/wp-json\/wp\/v2\/product"}],"about":[{"href":"https:\/\/gradwear.de\/shop\/wp-json\/wp\/v2\/types\/product"}],"wp:featuredmedia":[{"embeddable":true,"href":"https:\/\/gradwear.de\/shop\/wp-json\/wp\/v2\/media\/105"}],"wp:attachment":[{"href":"https:\/\/gradwear.de\/shop\/wp-json\/wp\/v2\/media?parent=94"}],"wp:term":[{"taxonomy":"product_brand","embeddable":true,"href":"https:\/\/gradwear.de\/shop\/wp-json\/wp\/v2\/product_brand?post=94"},{"taxonomy":"product_cat","embeddable":true,"href":"https:\/\/gradwear.de\/shop\/wp-json\/wp\/v2\/product_cat?post=94"},{"taxonomy":"product_tag","embeddable":true,"href":"https:\/\/gradwear.de\/shop\/wp-json\/wp\/v2\/product_tag?post=94"}],"curies":[{"name":"wp","href":"https:\/\/api.w.org\/{rel}","templated":true}]}}