{"id":98,"date":"2025-10-01T22:14:57","date_gmt":"2025-10-01T20:14:57","guid":{"rendered":"https:\/\/gradwear.de\/shop\/?post_type=product&#038;p=98"},"modified":"2025-10-01T22:47:55","modified_gmt":"2025-10-01T20:47:55","slug":"gradwear-t-shirt","status":"publish","type":"product","link":"https:\/\/gradwear.de\/shop\/produkt\/gradwear-t-shirt\/","title":{"rendered":"Gradwear T-Shirt"},"content":{"rendered":"<div id=\"model-response-message-contentr_969f1d98de6127f2\" class=\"markdown markdown-main-panel stronger enable-updated-hr-color\" dir=\"ltr\">\n<p>Ein klassisches T-Shirt aus 100% vorgeschrumpfter Ring-Spun Baumwolle, veredelt mit Transferdruck.<\/p>\n<p><b>Verf\u00fcgbare Gr\u00f6\u00dfen:<\/b><\/p>\n<ul>\n<li>XS<\/li>\n<li>S<\/li>\n<li>M<\/li>\n<li>L<\/li>\n<li>XL<\/li>\n<li>XXL<\/li>\n<li>3XL<\/li>\n<\/ul>\n<p><b>Eigenschaften:<\/b><\/p>\n<ul>\n<li>100% Ring-Spun Baumwolle<\/li>\n<li>180 g\/m\u00b2 (5.3 oz)<\/li>\n<li>Preshrunk behandelt (vorgeschrumpft)<\/li>\n<li>Gr\u00f6\u00dfen: XS-3XL<\/li>\n<\/ul>\n<p><b>Material &amp; Pflege:<\/b><\/p>\n<ul>\n<li><b>Material:<\/b> 100% Ring-Spun Baumwolle<\/li>\n<li><b>Maschinenw\u00e4sche:<\/b> Bei 30\u00b0C<\/li>\n<li><b>Nicht bleichen<\/b><\/li>\n<li><b>Nicht chemisch reinigen<\/b><\/li>\n<li><b>B\u00fcgeln:<\/b> Bei niedriger Temperatur<\/li>\n<\/ul>\n<hr \/>\n<\/div>\n","protected":false},"excerpt":{"rendered":"<p>Ein klassisches T-Shirt aus 100% vorgeschrumpfter Ring-Spun Baumwolle, veredelt mit Transferdruck.<\/p>\n","protected":false},"featured_media":106,"template":"","meta":[],"product_brand":[],"product_cat":[21],"product_tag":[],"class_list":{"0":"post-98","1":"product","2":"type-product","3":"status-publish","4":"has-post-thumbnail","6":"product_cat-gradwear-t-shirt","8":"first","9":"instock","10":"taxable","11":"shipping-taxable","12":"purchasable","13":"product-type-simple"},"_links":{"self":[{"href":"https:\/\/gradwear.de\/shop\/wp-json\/wp\/v2\/product\/98","targetHints":{"allow":["GET"]}}],"collection":[{"href":"https:\/\/gradwear.de\/shop\/wp-json\/wp\/v2\/product"}],"about":[{"href":"https:\/\/gradwear.de\/shop\/wp-json\/wp\/v2\/types\/product"}],"wp:featuredmedia":[{"embeddable":true,"href":"https:\/\/gradwear.de\/shop\/wp-json\/wp\/v2\/media\/106"}],"wp:attachment":[{"href":"https:\/\/gradwear.de\/shop\/wp-json\/wp\/v2\/media?parent=98"}],"wp:term":[{"taxonomy":"product_brand","embeddable":true,"href":"https:\/\/gradwear.de\/shop\/wp-json\/wp\/v2\/product_brand?post=98"},{"taxonomy":"product_cat","embeddable":true,"href":"https:\/\/gradwear.de\/shop\/wp-json\/wp\/v2\/product_cat?post=98"},{"taxonomy":"product_tag","embeddable":true,"href":"https:\/\/gradwear.de\/shop\/wp-json\/wp\/v2\/product_tag?post=98"}],"curies":[{"name":"wp","href":"https:\/\/api.w.org\/{rel}","templated":true}]}}